{"id":989,"date":"2024-06-26T15:25:18","date_gmt":"2024-06-26T18:25:18","guid":{"rendered":"https:\/\/lubrificmultimarcas.com.br\/?post_type=product&#038;p=989"},"modified":"2024-06-26T17:23:01","modified_gmt":"2024-06-26T20:23:01","slug":"ipiranga-isafluido-433-hd","status":"publish","type":"product","link":"https:\/\/lubrificmultimarcas.com.br\/?product=ipiranga-isafluido-433-hd","title":{"rendered":"IPIRANGA ISAFLUIDO 433 HD"},"content":{"rendered":"<p>O ISAFLUIDO 433 HD foi elaborado com uma formula\u00e7\u00e3o balanceada, contendo \u00f3leos b\u00e1sicos e aditivos que conferem elevada estabilidade ao produto, protegendo os componentes contra ferrugem e corros\u00e3o, proporcionando frenagens mais seguras e sem ru\u00eddos. Tamb\u00e9m pode ser classificado como um \u00f3leo SAE 75W-80.<\/p>\n<p>CARACTER\u00cdSTICAS E BENEF\u00cdCIOS BOA CAPACIDADE ANTIDESGASTE<br \/>\nO aditivo antidesgaste oferece prote\u00e7\u00e3o adequada aos componentes met\u00e1licos, evitando o desgaste inicial que ocorre durante o acionamento das engrenagens.<\/p>\n<p>CONTROLE DE CORROS\u00c3O<br \/>\nOs aditivos anticorrosivos formam uma camada de prote\u00e7\u00e3o sobre os metais, inibindo a forma\u00e7\u00e3o de corros\u00e3o.<\/p>\n<p>COMPATIBILIDADE COM RETENTORES E VEDA\u00c7\u00d5ES<br \/>\nMant\u00e9m a integridade das veda\u00e7\u00f5es por mais tempo, minimizando as perdas por vazamento.<\/p>\n<p>BOA RESIST\u00caNCIA \u00c0 OXIDA\u00c7\u00c3O<br \/>\nO balan\u00e7o de aditivos antioxidantes permite controlar a oxida\u00e7\u00e3o e o espessamento do \u00f3leo, garantindo a manuten\u00e7\u00e3o das caracter\u00edsticas originais do lubrificante.<\/p>\n<p>CONTROLE DE FORMA\u00c7\u00c3O DE ESPUMA<br \/>\nO controle efetivo de forma\u00e7\u00e3o de espuma evita que ocorra falha de lubrifica\u00e7\u00e3o em altas rota\u00e7\u00f5es, reduzindo a ocorr\u00eancia de perda de pel\u00edcula e minimizando o desgaste abrasivo entre os componentes.<\/p>\n<p>APROVA\u00c7\u00d5ES E ATENDIMENTOS CLASSIFICA\u00c7\u00c3O DE DESEMPENHO API GL-4, John Deere JDM J20C, Massey M-1145.<\/p>\n<p>RECOMENDA\u00c7\u00d5ES<br \/>\nIndicado para uso em sistema de lubrifica\u00e7\u00e3o caixa\/hidr\u00e1ulico\/freio, encontrados em equipamentos agr\u00edcolas.<\/p>\n","protected":false},"excerpt":{"rendered":"<p>\u00d3leo lubrificante mineral SAE 10W30, indicado para uso em aplica\u00e7\u00f5es do tipo UTTO (<em>Universal Tractor Transmission Oil<\/em>), abrangendo componentes como transmiss\u00e3o, sistemas hidr\u00e1ulicos e freios \u00famidos de equipamentos fora de estrada.<\/p>\n","protected":false},"featured_media":997,"comment_status":"open","ping_status":"closed","template":"","meta":{"_joinchat":[]},"product_cat":[33],"product_tag":[],"_links":{"self":[{"href":"https:\/\/lubrificmultimarcas.com.br\/index.php?rest_route=\/wp\/v2\/product\/989"}],"collection":[{"href":"https:\/\/lubrificmultimarcas.com.br\/index.php?rest_route=\/wp\/v2\/product"}],"about":[{"href":"https:\/\/lubrificmultimarcas.com.br\/index.php?rest_route=\/wp\/v2\/types\/product"}],"replies":[{"embeddable":true,"href":"https:\/\/lubrificmultimarcas.com.br\/index.php?rest_route=%2Fwp%2Fv2%2Fcomments&post=989"}],"wp:featuredmedia":[{"embeddable":true,"href":"https:\/\/lubrificmultimarcas.com.br\/index.php?rest_route=\/wp\/v2\/media\/997"}],"wp:attachment":[{"href":"https:\/\/lubrificmultimarcas.com.br\/index.php?rest_route=%2Fwp%2Fv2%2Fmedia&parent=989"}],"wp:term":[{"taxonomy":"product_cat","embeddable":true,"href":"https:\/\/lubrificmultimarcas.com.br\/index.php?rest_route=%2Fwp%2Fv2%2Fproduct_cat&post=989"},{"taxonomy":"product_tag","embeddable":true,"href":"https:\/\/lubrificmultimarcas.com.br\/index.php?rest_route=%2Fwp%2Fv2%2Fproduct_tag&post=989"}],"curies":[{"name":"wp","href":"https:\/\/api.w.org\/{rel}","templated":true}]}}