{"id":869,"date":"2024-04-05T13:17:37","date_gmt":"2024-04-05T16:17:37","guid":{"rendered":"https:\/\/lubrificmultimarcas.com.br\/?post_type=product&#038;p=869"},"modified":"2024-06-26T16:20:11","modified_gmt":"2024-06-26T19:20:11","slug":"texaco-ursa-premium-tds-15w-40","status":"publish","type":"product","link":"https:\/\/lubrificmultimarcas.com.br\/?product=texaco-ursa-premium-tds-15w-40","title":{"rendered":"TEXACO URSA PREMIUM TDS 15W-40"},"content":{"rendered":"<p>Ursa Premium TDS 15W-40 \u00e9 um \u00f3leo de viscosidade SAE 15W-40 e grau de desempenho API CI-4\/SL. \u00c9 recomendado para motores diesel de quatro tempos, naturalmente aspirados, sobrealimentados ou turboalimentados de ve\u00edculos de transporte operando em quaisquer condi\u00e7\u00f5es de servi\u00e7o. \u00c9 tamb\u00e9m recomendado para equipamentos pesados de constru\u00e7\u00e3o, minera\u00e7\u00e3o, mar\u00edtimos, equipamentos agr\u00edcolas e outras aplica\u00e7\u00f5es severas.<span class=\"ql-color-#323130\">\u00a0<\/span><\/p>\n<p>&nbsp;<\/p>\n<p>\u2013 Limpeza do motor<\/p>\n<p>\u2013 Baixo consumo de \u00f3leo<\/p>\n<p>\u2013 Superior desempenho dos filtros<\/p>\n<p><span class=\"ql-color-#323130\">\u00a0<\/span><\/p>\n<p><strong>Especifica\u00e7\u00f5es:<span class=\"ql-color-#323130\">\u00a0<\/span><\/strong><\/p>\n<p>\u2014\u00a0<b class=\"ql-color-#323130\">API<\/b> CI-4<\/p>\n","protected":false},"excerpt":{"rendered":"<p>Ursa Premium TDS 15W-40 \u00e9 um \u00f3leo de viscosidade SAE 15W-40 e grau de desempenho API CI-4\/SL. \u00c9 recomendado para motores diesel de quatro tempos, naturalmente aspirados, sobrealimentados ou turboalimentados de ve\u00edculos de transporte operando em quaisquer condi\u00e7\u00f5es de servi\u00e7o. \u00c9 tamb\u00e9m recomendado para equipamentos pesados de constru\u00e7\u00e3o, minera\u00e7\u00e3o, mar\u00edtimos, equipamentos agr\u00edcolas e outras aplica\u00e7\u00f5es [&hellip;]<\/p>\n","protected":false},"featured_media":1003,"comment_status":"open","ping_status":"closed","template":"","meta":{"_joinchat":[]},"product_cat":[33],"product_tag":[],"_links":{"self":[{"href":"https:\/\/lubrificmultimarcas.com.br\/index.php?rest_route=\/wp\/v2\/product\/869"}],"collection":[{"href":"https:\/\/lubrificmultimarcas.com.br\/index.php?rest_route=\/wp\/v2\/product"}],"about":[{"href":"https:\/\/lubrificmultimarcas.com.br\/index.php?rest_route=\/wp\/v2\/types\/product"}],"replies":[{"embeddable":true,"href":"https:\/\/lubrificmultimarcas.com.br\/index.php?rest_route=%2Fwp%2Fv2%2Fcomments&post=869"}],"wp:featuredmedia":[{"embeddable":true,"href":"https:\/\/lubrificmultimarcas.com.br\/index.php?rest_route=\/wp\/v2\/media\/1003"}],"wp:attachment":[{"href":"https:\/\/lubrificmultimarcas.com.br\/index.php?rest_route=%2Fwp%2Fv2%2Fmedia&parent=869"}],"wp:term":[{"taxonomy":"product_cat","embeddable":true,"href":"https:\/\/lubrificmultimarcas.com.br\/index.php?rest_route=%2Fwp%2Fv2%2Fproduct_cat&post=869"},{"taxonomy":"product_tag","embeddable":true,"href":"https:\/\/lubrificmultimarcas.com.br\/index.php?rest_route=%2Fwp%2Fv2%2Fproduct_tag&post=869"}],"curies":[{"name":"wp","href":"https:\/\/api.w.org\/{rel}","templated":true}]}}