{"id":867,"date":"2024-04-05T13:06:27","date_gmt":"2024-04-05T16:06:27","guid":{"rendered":"https:\/\/lubrificmultimarcas.com.br\/?post_type=product&#038;p=867"},"modified":"2024-06-26T17:22:37","modified_gmt":"2024-06-26T20:22:37","slug":"lubrax-top-turbo-15w40-acea-e7","status":"publish","type":"product","link":"https:\/\/lubrificmultimarcas.com.br\/?product=lubrax-top-turbo-15w40-acea-e7","title":{"rendered":"LUBRAX TOP TURBO 15W40 ACEA E7"},"content":{"rendered":"","protected":false},"excerpt":{"rendered":"<div class=\"coh-container product-category-description-wrapper coh-ce-5216ae8d\">\n<div>\n<p>\u00d3leo lubrificante mineral premium para uso em motores a diesel turbinados, sob condi\u00e7\u00f5es de opera\u00e7\u00e3o severas. Sua formula\u00e7\u00e3o proporciona elevada prote\u00e7\u00e3o contra o desgaste, maior controle da viscosidade e excelente limpeza, promovendo maior vida \u00fatil do motor e seus componentes.<\/p>\n<\/div>\n<\/div>\n<div class=\"coh-container product-category-classification-wrapper coh-ce-d2f2bc90\">\n<div class=\"coh-row coh-row-xl coh-row-visible-xl\" data-coh-row-match-heights=\"{&quot;xl&quot;:{&quot;target&quot;:&quot;none&quot;}}\" data-once=\"coh-row-match-heights-init\">\n<div class=\"coh-row-inner\">\n<div class=\"coh-column coh-ce-4ca3f35c coh-col-xl-auto\">\n<p class=\"coh-paragraph coh-ce-97d6f43a\">Classifica\u00e7\u00e3o:<\/p>\n<\/div>\n<div class=\"coh-column coh-ce-6c605b74 coh-col-xl\">\n<div>\n<p>&nbsp;<\/p>\n<p><strong>Atendimentos:\u00a0<\/strong>API CI-4\/SL,\u00a0ACEA E7,\u00a0MAN 3275-1,\u00a0Caterpillar ECF-2 \/ ECF-1a,\u00a0Ford WSS-M2C171-D,\u00a0Mack EO-N,\u00a0Detroit Diesel 93K215,\u00a0Renault RLD-2,\u00a0Deutz DQC-III,\u00a0Global DHD-1.<\/p>\n<p><strong>Aprova\u00e7\u00f5es:\u00a0<\/strong>MB-Approval 228.3,\u00a0Volvo VDS-3,\u00a0Cummins CES 20078,\u00a0MTU Categoria 2.<\/p>\n<\/div>\n<\/div>\n<\/div>\n<\/div>\n<\/div>\n<div class=\"coh-container product-category-viscosity-wrapper coh-ce-f5e55e05\">\n<div>\n<div>Viscosidade<\/div>\n<div>\n<div>SAE 15W-40<\/div>\n<\/div>\n<\/div>\n<\/div>\n<div class=\"coh-container product-category-embalagens-wrapper coh-ce-543de62e\">\n<div>\n<div>Embalagens dispon\u00edveis<\/div>\n<div>\n<p>1L, 3L, 20L.<\/p>\n<\/div>\n<\/div>\n<\/div>\n","protected":false},"featured_media":868,"comment_status":"open","ping_status":"closed","template":"","meta":{"_joinchat":[]},"product_cat":[33],"product_tag":[],"_links":{"self":[{"href":"https:\/\/lubrificmultimarcas.com.br\/index.php?rest_route=\/wp\/v2\/product\/867"}],"collection":[{"href":"https:\/\/lubrificmultimarcas.com.br\/index.php?rest_route=\/wp\/v2\/product"}],"about":[{"href":"https:\/\/lubrificmultimarcas.com.br\/index.php?rest_route=\/wp\/v2\/types\/product"}],"replies":[{"embeddable":true,"href":"https:\/\/lubrificmultimarcas.com.br\/index.php?rest_route=%2Fwp%2Fv2%2Fcomments&post=867"}],"wp:featuredmedia":[{"embeddable":true,"href":"https:\/\/lubrificmultimarcas.com.br\/index.php?rest_route=\/wp\/v2\/media\/868"}],"wp:attachment":[{"href":"https:\/\/lubrificmultimarcas.com.br\/index.php?rest_route=%2Fwp%2Fv2%2Fmedia&parent=867"}],"wp:term":[{"taxonomy":"product_cat","embeddable":true,"href":"https:\/\/lubrificmultimarcas.com.br\/index.php?rest_route=%2Fwp%2Fv2%2Fproduct_cat&post=867"},{"taxonomy":"product_tag","embeddable":true,"href":"https:\/\/lubrificmultimarcas.com.br\/index.php?rest_route=%2Fwp%2Fv2%2Fproduct_tag&post=867"}],"curies":[{"name":"wp","href":"https:\/\/api.w.org\/{rel}","templated":true}]}}