{"id":865,"date":"2024-04-05T12:56:36","date_gmt":"2024-04-05T15:56:36","guid":{"rendered":"https:\/\/lubrificmultimarcas.com.br\/?post_type=product&#038;p=865"},"modified":"2025-09-16T21:03:20","modified_gmt":"2025-09-17T00:03:20","slug":"lubrax-top-turbo-essencial-15w40-20-l","status":"publish","type":"product","link":"https:\/\/lubrificmultimarcas.com.br\/?product=lubrax-top-turbo-essencial-15w40-20-l","title":{"rendered":"LUBRAX TOP TURBO ESSENCIAL 15W40"},"content":{"rendered":"","protected":false},"excerpt":{"rendered":"<div class=\"coh-container product-category-description-wrapper coh-ce-5216ae8d\">\n<div>\n<p>\u00d3leo lubrificante mineral multiviscoso para uso em motores diesel de alta pot\u00eancia, superalimentados ou turboalimentados, que operem em condi\u00e7\u00f5es leves, moderadas ou severas. Dispon\u00edvel no grau de viscosidade SAE 15W-40.<\/p>\n<\/div>\n<\/div>\n<div class=\"coh-container product-category-classification-wrapper coh-ce-d2f2bc90\">\n<div class=\"coh-row coh-row-xl coh-row-visible-xl\" data-coh-row-match-heights=\"{&quot;xl&quot;:{&quot;target&quot;:&quot;none&quot;}}\" data-once=\"coh-row-match-heights-init\">\n<div class=\"coh-row-inner\">\n<div class=\"coh-column coh-ce-4ca3f35c coh-col-xl-auto\">\n<p class=\"coh-paragraph coh-ce-97d6f43a\">Classifica\u00e7\u00e3o:<\/p>\n<\/div>\n<div class=\"coh-column coh-ce-6c605b74 coh-col-xl\">\n<div>\n<p>API CI-4\/SL<\/p>\n<\/div>\n<\/div>\n<\/div>\n<\/div>\n<\/div>\n<div class=\"coh-container product-category-viscosity-wrapper coh-ce-f5e55e05\">\n<div>\n<div>Viscosidade<\/div>\n<div>\n<div>SAE 15W-40<\/div>\n<\/div>\n<\/div>\n<\/div>\n<div class=\"coh-container product-category-embalagens-wrapper coh-ce-543de62e\">\n<div>\n<div>Embalagens dispon\u00edveis<\/div>\n<div>\n<p>1L, 3L, 20L,<\/p>\n<\/div>\n<\/div>\n<\/div>\n","protected":false},"featured_media":866,"comment_status":"open","ping_status":"closed","template":"","meta":{"_joinchat":[]},"product_cat":[20],"product_tag":[],"_links":{"self":[{"href":"https:\/\/lubrificmultimarcas.com.br\/index.php?rest_route=\/wp\/v2\/product\/865"}],"collection":[{"href":"https:\/\/lubrificmultimarcas.com.br\/index.php?rest_route=\/wp\/v2\/product"}],"about":[{"href":"https:\/\/lubrificmultimarcas.com.br\/index.php?rest_route=\/wp\/v2\/types\/product"}],"replies":[{"embeddable":true,"href":"https:\/\/lubrificmultimarcas.com.br\/index.php?rest_route=%2Fwp%2Fv2%2Fcomments&post=865"}],"wp:featuredmedia":[{"embeddable":true,"href":"https:\/\/lubrificmultimarcas.com.br\/index.php?rest_route=\/wp\/v2\/media\/866"}],"wp:attachment":[{"href":"https:\/\/lubrificmultimarcas.com.br\/index.php?rest_route=%2Fwp%2Fv2%2Fmedia&parent=865"}],"wp:term":[{"taxonomy":"product_cat","embeddable":true,"href":"https:\/\/lubrificmultimarcas.com.br\/index.php?rest_route=%2Fwp%2Fv2%2Fproduct_cat&post=865"},{"taxonomy":"product_tag","embeddable":true,"href":"https:\/\/lubrificmultimarcas.com.br\/index.php?rest_route=%2Fwp%2Fv2%2Fproduct_tag&post=865"}],"curies":[{"name":"wp","href":"https:\/\/api.w.org\/{rel}","templated":true}]}}