{"id":549,"date":"2024-03-25T20:58:03","date_gmt":"2024-03-25T23:58:03","guid":{"rendered":"https:\/\/lubrificmultimarcas.com.br\/?post_type=product&#038;p=549"},"modified":"2024-06-26T17:23:06","modified_gmt":"2024-06-26T20:23:06","slug":"long-api-sl-sae-25w60","status":"publish","type":"product","link":"https:\/\/lubrificmultimarcas.com.br\/?product=long-api-sl-sae-25w60","title":{"rendered":"LONG API SL SAE 25W60"},"content":{"rendered":"<div>\u00d3leo lubrificante mineral multiviscoso para ve\u00edculos a etanol, gasolina, GNV e flex.<\/div>\n<div>Proporciona \u00f3tima lubrifica\u00e7\u00e3o do motor. Sua formula\u00e7\u00e3o protege contra vazamento e contra o consumo de \u00f3leo em motores que apresentem maiores folgas por desgaste. Indicado para ve\u00edculos com altas quilometragens.<\/div>\n","protected":false},"excerpt":{"rendered":"<div><strong>Embalagens:<\/strong><\/div>\n<div>1L<\/div>\n<div>200L<\/div>\n","protected":false},"featured_media":550,"comment_status":"open","ping_status":"closed","template":"","meta":{"_joinchat":[]},"product_cat":[20],"product_tag":[],"_links":{"self":[{"href":"https:\/\/lubrificmultimarcas.com.br\/index.php?rest_route=\/wp\/v2\/product\/549"}],"collection":[{"href":"https:\/\/lubrificmultimarcas.com.br\/index.php?rest_route=\/wp\/v2\/product"}],"about":[{"href":"https:\/\/lubrificmultimarcas.com.br\/index.php?rest_route=\/wp\/v2\/types\/product"}],"replies":[{"embeddable":true,"href":"https:\/\/lubrificmultimarcas.com.br\/index.php?rest_route=%2Fwp%2Fv2%2Fcomments&post=549"}],"wp:featuredmedia":[{"embeddable":true,"href":"https:\/\/lubrificmultimarcas.com.br\/index.php?rest_route=\/wp\/v2\/media\/550"}],"wp:attachment":[{"href":"https:\/\/lubrificmultimarcas.com.br\/index.php?rest_route=%2Fwp%2Fv2%2Fmedia&parent=549"}],"wp:term":[{"taxonomy":"product_cat","embeddable":true,"href":"https:\/\/lubrificmultimarcas.com.br\/index.php?rest_route=%2Fwp%2Fv2%2Fproduct_cat&post=549"},{"taxonomy":"product_tag","embeddable":true,"href":"https:\/\/lubrificmultimarcas.com.br\/index.php?rest_route=%2Fwp%2Fv2%2Fproduct_tag&post=549"}],"curies":[{"name":"wp","href":"https:\/\/api.w.org\/{rel}","templated":true}]}}