{"id":547,"date":"2024-03-25T20:56:52","date_gmt":"2024-03-25T23:56:52","guid":{"rendered":"https:\/\/lubrificmultimarcas.com.br\/?post_type=product&#038;p=547"},"modified":"2024-03-25T20:56:52","modified_gmt":"2024-03-25T23:56:52","slug":"prime-sl-api-sl-sae-50","status":"publish","type":"product","link":"https:\/\/lubrificmultimarcas.com.br\/?product=prime-sl-api-sl-sae-50","title":{"rendered":"PRIME SL API SL SAE 50"},"content":{"rendered":"<div>\u00d3leo lubrificante mineral monoviscoso para ve\u00edculos a etanol, gasolina e GNV.<\/div>\n<div>Proporciona \u00f3tima lubrifica\u00e7\u00e3o do motor. Sua formula\u00e7\u00e3o protege contra o desgaste prematuro das pe\u00e7as.<\/div>\n","protected":false},"excerpt":{"rendered":"<div><strong>Embalagens:<\/strong><\/div>\n<div>1L<\/div>\n<div>200L<\/div>\n","protected":false},"featured_media":548,"comment_status":"open","ping_status":"closed","template":"","meta":{"_joinchat":[]},"product_cat":[20],"product_tag":[],"_links":{"self":[{"href":"https:\/\/lubrificmultimarcas.com.br\/index.php?rest_route=\/wp\/v2\/product\/547"}],"collection":[{"href":"https:\/\/lubrificmultimarcas.com.br\/index.php?rest_route=\/wp\/v2\/product"}],"about":[{"href":"https:\/\/lubrificmultimarcas.com.br\/index.php?rest_route=\/wp\/v2\/types\/product"}],"replies":[{"embeddable":true,"href":"https:\/\/lubrificmultimarcas.com.br\/index.php?rest_route=%2Fwp%2Fv2%2Fcomments&post=547"}],"wp:featuredmedia":[{"embeddable":true,"href":"https:\/\/lubrificmultimarcas.com.br\/index.php?rest_route=\/wp\/v2\/media\/548"}],"wp:attachment":[{"href":"https:\/\/lubrificmultimarcas.com.br\/index.php?rest_route=%2Fwp%2Fv2%2Fmedia&parent=547"}],"wp:term":[{"taxonomy":"product_cat","embeddable":true,"href":"https:\/\/lubrificmultimarcas.com.br\/index.php?rest_route=%2Fwp%2Fv2%2Fproduct_cat&post=547"},{"taxonomy":"product_tag","embeddable":true,"href":"https:\/\/lubrificmultimarcas.com.br\/index.php?rest_route=%2Fwp%2Fv2%2Fproduct_tag&post=547"}],"curies":[{"name":"wp","href":"https:\/\/api.w.org\/{rel}","templated":true}]}}