{"id":541,"date":"2024-03-25T20:47:55","date_gmt":"2024-03-25T23:47:55","guid":{"rendered":"https:\/\/lubrificmultimarcas.com.br\/?post_type=product&#038;p=541"},"modified":"2024-03-25T20:48:05","modified_gmt":"2024-03-25T23:48:05","slug":"prime-sl-api-sl-sae-15w40","status":"publish","type":"product","link":"https:\/\/lubrificmultimarcas.com.br\/?product=prime-sl-api-sl-sae-15w40","title":{"rendered":"PRIME SL API SL SAE 15W40"},"content":{"rendered":"<div>\u00d3leo lubrificante mineral multiviscoso para ve\u00edculos a etanol, gasolina e GNV.<\/div>\n<div>Proporciona \u00f3tima lubrifica\u00e7\u00e3o do motor. Sua formula\u00e7\u00e3o protege contra o desgaste prematuro das pe\u00e7as.<\/div>\n","protected":false},"excerpt":{"rendered":"<div><strong>Embalagens:<\/strong><\/div>\n<div>1L<\/div>\n<div>200L<\/div>\n","protected":false},"featured_media":542,"comment_status":"open","ping_status":"closed","template":"","meta":{"_joinchat":[]},"product_cat":[20],"product_tag":[],"_links":{"self":[{"href":"https:\/\/lubrificmultimarcas.com.br\/index.php?rest_route=\/wp\/v2\/product\/541"}],"collection":[{"href":"https:\/\/lubrificmultimarcas.com.br\/index.php?rest_route=\/wp\/v2\/product"}],"about":[{"href":"https:\/\/lubrificmultimarcas.com.br\/index.php?rest_route=\/wp\/v2\/types\/product"}],"replies":[{"embeddable":true,"href":"https:\/\/lubrificmultimarcas.com.br\/index.php?rest_route=%2Fwp%2Fv2%2Fcomments&post=541"}],"wp:featuredmedia":[{"embeddable":true,"href":"https:\/\/lubrificmultimarcas.com.br\/index.php?rest_route=\/wp\/v2\/media\/542"}],"wp:attachment":[{"href":"https:\/\/lubrificmultimarcas.com.br\/index.php?rest_route=%2Fwp%2Fv2%2Fmedia&parent=541"}],"wp:term":[{"taxonomy":"product_cat","embeddable":true,"href":"https:\/\/lubrificmultimarcas.com.br\/index.php?rest_route=%2Fwp%2Fv2%2Fproduct_cat&post=541"},{"taxonomy":"product_tag","embeddable":true,"href":"https:\/\/lubrificmultimarcas.com.br\/index.php?rest_route=%2Fwp%2Fv2%2Fproduct_tag&post=541"}],"curies":[{"name":"wp","href":"https:\/\/api.w.org\/{rel}","templated":true}]}}