{"id":1087,"date":"2024-08-22T14:42:11","date_gmt":"2024-08-22T17:42:11","guid":{"rendered":"https:\/\/lubrificmultimarcas.com.br\/?post_type=product&#038;p=1087"},"modified":"2024-08-22T14:42:11","modified_gmt":"2024-08-22T17:42:11","slug":"bardahl-b-12-turbo","status":"publish","type":"product","link":"https:\/\/lubrificmultimarcas.com.br\/?product=bardahl-b-12-turbo","title":{"rendered":"BARDAHL B-12 TURBO"},"content":{"rendered":"<p>Para c\u00e1rter de ve\u00edculos de motores aspirados ou turboalimentados movidos a diesel, que usam \u00f3leos lubrificantes minerais, semissint\u00e9ticos e sint\u00e9ticos.<\/p>\n<p>Bardahl B12 Turbo cria uma pel\u00edcula lubrificante separadora de atra\u00e7\u00e3o polar que resiste \u00e0s mais elevadas press\u00f5es e temperaturas, protegendo os componentes internos do motor. Economiza combust\u00edvel e lubrificante, pois mant\u00e9m a m\u00e1xima pot\u00eancia mesmo nas mais variadas temperaturas e rota\u00e7\u00f5es. Produto aprovado no rigoroso teste da sequ\u00eancia IIIF conforme ASTM D6984.<\/p>\n<p>A cada troca de \u00f3leo, coloque sempre o conte\u00fado deste frasco no c\u00e1rter e complete com \u00f3leo de motor. Para c\u00e1rter com mais de 10 litros, use 2 frascos ou a propor\u00e7\u00e3o de 10 a 20% da capacidade do c\u00e1rter.<\/p>\n","protected":false},"excerpt":{"rendered":"<p>BARDAHL ADITIVO DE MOTOR LINHA DIESEL.<\/p>\n","protected":false},"featured_media":1088,"comment_status":"open","ping_status":"closed","template":"","meta":{"_joinchat":[]},"product_cat":[20],"product_tag":[],"_links":{"self":[{"href":"https:\/\/lubrificmultimarcas.com.br\/index.php?rest_route=\/wp\/v2\/product\/1087"}],"collection":[{"href":"https:\/\/lubrificmultimarcas.com.br\/index.php?rest_route=\/wp\/v2\/product"}],"about":[{"href":"https:\/\/lubrificmultimarcas.com.br\/index.php?rest_route=\/wp\/v2\/types\/product"}],"replies":[{"embeddable":true,"href":"https:\/\/lubrificmultimarcas.com.br\/index.php?rest_route=%2Fwp%2Fv2%2Fcomments&post=1087"}],"wp:featuredmedia":[{"embeddable":true,"href":"https:\/\/lubrificmultimarcas.com.br\/index.php?rest_route=\/wp\/v2\/media\/1088"}],"wp:attachment":[{"href":"https:\/\/lubrificmultimarcas.com.br\/index.php?rest_route=%2Fwp%2Fv2%2Fmedia&parent=1087"}],"wp:term":[{"taxonomy":"product_cat","embeddable":true,"href":"https:\/\/lubrificmultimarcas.com.br\/index.php?rest_route=%2Fwp%2Fv2%2Fproduct_cat&post=1087"},{"taxonomy":"product_tag","embeddable":true,"href":"https:\/\/lubrificmultimarcas.com.br\/index.php?rest_route=%2Fwp%2Fv2%2Fproduct_tag&post=1087"}],"curies":[{"name":"wp","href":"https:\/\/api.w.org\/{rel}","templated":true}]}}