{"id":1082,"date":"2024-08-22T14:30:39","date_gmt":"2024-08-22T17:30:39","guid":{"rendered":"https:\/\/lubrificmultimarcas.com.br\/?post_type=product&#038;p=1082"},"modified":"2024-08-22T14:30:39","modified_gmt":"2024-08-22T17:30:39","slug":"ipiranga-brutus-10w40","status":"publish","type":"product","link":"https:\/\/lubrificmultimarcas.com.br\/?product=ipiranga-brutus-10w40","title":{"rendered":"IPIRANGA BRUTUS 10W40"},"content":{"rendered":"<p>\u00d3leo lubrificante 100% sint\u00e9tico, recomendado para motores quatros tempos de ve\u00edculos movidos a diesel aspirados ou turboalimentados, inclusive aqueles dotados de sistema de p\u00f3s-tratamento do tipo DOC (Diesel Oxidation Catalyst).<\/p>\n<p>Ideal para motores das classes Euro III e Euro V, com elevado desempenho e prote\u00e7\u00e3o, mesmo sob regime severo de opera\u00e7\u00e3o.<\/p>\n<p>O IPIRANGA BRUTUS SINT\u00c9TICO 10W40 E4 foi desenvolvido com a mais elevada tecnologia de aditiva\u00e7\u00e3o, com adicional prote\u00e7\u00e3o contra o desgaste e forma\u00e7\u00e3o de dep\u00f3sitos e borra, que se traduzem na manuten\u00e7\u00e3o da pot\u00eancia do seu ve\u00edculo e no prolongamento da sua vida \u00fatil.<\/p>\n<p>Possui elevada estabilidade t\u00e9rmica e qu\u00edmica, com versatilidade de uso em ve\u00edculos que utilizem \u00f3leo diesel S10 ou S500, atendendo a ve\u00edculos de uso urbano ou fora de estrada, inclusive os mais antigos.<\/p>\n<p>Indicado para motores de ve\u00edculos que utilizem \u00f3leo diesel de alto ou baixo teor de enxofre (S10 ou S500), das s\u00e9ries Euro V ou anteriores, fabricados pelas montadoras MAN, MTU, Mercedes-Benz, Scania, Volvo, Renault Trucks, Mack, DAF ou as demais que indiquem um \u00f3leo com alta carga de TBN e as demais especifica\u00e7\u00f5es deste produto.<\/p>\n<p>Este produto n\u00e3o \u00e9 recomendado para uso em ve\u00edculos equipados com sistema DPF (Diesel Particulate Filter).<\/p>\n","protected":false},"excerpt":{"rendered":"<p>BRUTUS SINT\u00c9TICO 10W40 E4<\/p>\n","protected":false},"featured_media":1083,"comment_status":"open","ping_status":"closed","template":"","meta":{"_joinchat":[]},"product_cat":[20],"product_tag":[],"_links":{"self":[{"href":"https:\/\/lubrificmultimarcas.com.br\/index.php?rest_route=\/wp\/v2\/product\/1082"}],"collection":[{"href":"https:\/\/lubrificmultimarcas.com.br\/index.php?rest_route=\/wp\/v2\/product"}],"about":[{"href":"https:\/\/lubrificmultimarcas.com.br\/index.php?rest_route=\/wp\/v2\/types\/product"}],"replies":[{"embeddable":true,"href":"https:\/\/lubrificmultimarcas.com.br\/index.php?rest_route=%2Fwp%2Fv2%2Fcomments&post=1082"}],"wp:featuredmedia":[{"embeddable":true,"href":"https:\/\/lubrificmultimarcas.com.br\/index.php?rest_route=\/wp\/v2\/media\/1083"}],"wp:attachment":[{"href":"https:\/\/lubrificmultimarcas.com.br\/index.php?rest_route=%2Fwp%2Fv2%2Fmedia&parent=1082"}],"wp:term":[{"taxonomy":"product_cat","embeddable":true,"href":"https:\/\/lubrificmultimarcas.com.br\/index.php?rest_route=%2Fwp%2Fv2%2Fproduct_cat&post=1082"},{"taxonomy":"product_tag","embeddable":true,"href":"https:\/\/lubrificmultimarcas.com.br\/index.php?rest_route=%2Fwp%2Fv2%2Fproduct_tag&post=1082"}],"curies":[{"name":"wp","href":"https:\/\/api.w.org\/{rel}","templated":true}]}}