{"id":1076,"date":"2024-08-22T14:20:16","date_gmt":"2024-08-22T17:20:16","guid":{"rendered":"https:\/\/lubrificmultimarcas.com.br\/?post_type=product&#038;p=1076"},"modified":"2024-08-22T14:20:16","modified_gmt":"2024-08-22T17:20:16","slug":"radnaq-dot3","status":"publish","type":"product","link":"https:\/\/lubrificmultimarcas.com.br\/?product=radnaq-dot3","title":{"rendered":"RADNAQ DOT3"},"content":{"rendered":"<p>O\u00a0<strong>Fluido para Freios DOT3 Radnaq<\/strong>\u00a0foi especialmente desenvolvido para o sistema hidr\u00e1ulico de freios de ve\u00edculos. Proporciona seguran\u00e7a nos momentos de frenagem. O produto atende as Normas NBR-9292 Tipo 3, SAE-J 1703 e FM\/SS n\u00b0 116 DOT3, com ponto de ebuli\u00e7\u00e3o acima de 205 \u00b0C.<\/p>\n<p>Siga as recomenda\u00e7\u00f5es do fabricante do ve\u00edculo, e, na aus\u00eancia do mesmo troque o fluido a cada 12 meses.<\/p>\n<p>Recomendado para sistema hidr\u00e1ulico de freios de autom\u00f3veis com uso moderado. Verifique o n\u00edvel do l\u00edquido no ve\u00edculo pelo menos uma vez por m\u00eas. L\u00edquido higrosc\u00f3pico &#8211; armazenar em local seco, ventilado e protegido do sol. Evitar derramar sobre a pintura do ve\u00edculo, lonas e pastilhas de freios dos ve\u00edculos. Evitar o contato do produto com \u00f3leo mineral, graxas e outros materiais. Se ingerido, procure assist\u00eancia m\u00e9dica juntamente com a embalagem. Em contato com os olhos lave imediatamente com \u00e1gua por 15 minutos e procure assist\u00eancia m\u00e9dica. Manter o produto fora do alcance de crian\u00e7as e animais, n\u00e3o reutilizar esta embalagem para outros fins. Nossos produtos seguem os melhores crit\u00e9rios t\u00e9cnicos atualmente em uso, por\u00e9m, tendo em vista a sua ampla aplica\u00e7\u00e3o, nossa responsabilidade est\u00e1 limitada \u00e0 sua performance t\u00e9cnica. A embalagem original deste produto \u00e9 recicl\u00e1vel. N\u00e3o dispor em lixo comum. N\u00e3o descartar no sistema de esgoto, drenagem pluvial, em corpos d\u00b4\u00e1gua ou do solo. Confinar o produto e a sua embalagem para posterior recupera\u00e7\u00e3o ou descarte.<\/p>\n<p><b>Embalagem:<\/b>\u00a0200ml e 500ml.<\/p>\n","protected":false},"excerpt":{"rendered":"<p>FLUIDO DE FREIO DOT 3<\/p>\n","protected":false},"featured_media":1078,"comment_status":"open","ping_status":"closed","template":"","meta":{"_joinchat":[]},"product_cat":[20],"product_tag":[],"_links":{"self":[{"href":"https:\/\/lubrificmultimarcas.com.br\/index.php?rest_route=\/wp\/v2\/product\/1076"}],"collection":[{"href":"https:\/\/lubrificmultimarcas.com.br\/index.php?rest_route=\/wp\/v2\/product"}],"about":[{"href":"https:\/\/lubrificmultimarcas.com.br\/index.php?rest_route=\/wp\/v2\/types\/product"}],"replies":[{"embeddable":true,"href":"https:\/\/lubrificmultimarcas.com.br\/index.php?rest_route=%2Fwp%2Fv2%2Fcomments&post=1076"}],"wp:featuredmedia":[{"embeddable":true,"href":"https:\/\/lubrificmultimarcas.com.br\/index.php?rest_route=\/wp\/v2\/media\/1078"}],"wp:attachment":[{"href":"https:\/\/lubrificmultimarcas.com.br\/index.php?rest_route=%2Fwp%2Fv2%2Fmedia&parent=1076"}],"wp:term":[{"taxonomy":"product_cat","embeddable":true,"href":"https:\/\/lubrificmultimarcas.com.br\/index.php?rest_route=%2Fwp%2Fv2%2Fproduct_cat&post=1076"},{"taxonomy":"product_tag","embeddable":true,"href":"https:\/\/lubrificmultimarcas.com.br\/index.php?rest_route=%2Fwp%2Fv2%2Fproduct_tag&post=1076"}],"curies":[{"name":"wp","href":"https:\/\/api.w.org\/{rel}","templated":true}]}}