{"id":1073,"date":"2024-08-22T14:12:56","date_gmt":"2024-08-22T17:12:56","guid":{"rendered":"https:\/\/lubrificmultimarcas.com.br\/?post_type=product&#038;p=1073"},"modified":"2024-08-22T14:12:56","modified_gmt":"2024-08-22T17:12:56","slug":"falub-graxa-chassi-2","status":"publish","type":"product","link":"https:\/\/lubrificmultimarcas.com.br\/?product=falub-graxa-chassi-2","title":{"rendered":"FALUB GRAXA CHASSI 2"},"content":{"rendered":"<p>Graxa de sab\u00e3o de c\u00e1lcio, recomendada para a lubrifica\u00e7\u00e3o de pinos de chassis e mancais de deslizamento, que n\u00e3o ultrapassem a temperatura de trabalho maior que 70\u00b0C.<\/p>\n<p>Formulado com \u00f3leos minerais paraf\u00ednico, derivado de petr\u00f3leo, sab\u00e3o met\u00e1lico de c\u00e1lcio e aditivos especiais de alta performance.<\/p>\n<p>APRESENTA\u00c7\u00d5ES EM 10KG, 18KG E 170KG<\/p>\n","protected":false},"excerpt":{"rendered":"<p>GRAXA PARA CHASSIS E PINOS.<\/p>\n","protected":false},"featured_media":1074,"comment_status":"open","ping_status":"closed","template":"","meta":{"_joinchat":[]},"product_cat":[20],"product_tag":[],"_links":{"self":[{"href":"https:\/\/lubrificmultimarcas.com.br\/index.php?rest_route=\/wp\/v2\/product\/1073"}],"collection":[{"href":"https:\/\/lubrificmultimarcas.com.br\/index.php?rest_route=\/wp\/v2\/product"}],"about":[{"href":"https:\/\/lubrificmultimarcas.com.br\/index.php?rest_route=\/wp\/v2\/types\/product"}],"replies":[{"embeddable":true,"href":"https:\/\/lubrificmultimarcas.com.br\/index.php?rest_route=%2Fwp%2Fv2%2Fcomments&post=1073"}],"wp:featuredmedia":[{"embeddable":true,"href":"https:\/\/lubrificmultimarcas.com.br\/index.php?rest_route=\/wp\/v2\/media\/1074"}],"wp:attachment":[{"href":"https:\/\/lubrificmultimarcas.com.br\/index.php?rest_route=%2Fwp%2Fv2%2Fmedia&parent=1073"}],"wp:term":[{"taxonomy":"product_cat","embeddable":true,"href":"https:\/\/lubrificmultimarcas.com.br\/index.php?rest_route=%2Fwp%2Fv2%2Fproduct_cat&post=1073"},{"taxonomy":"product_tag","embeddable":true,"href":"https:\/\/lubrificmultimarcas.com.br\/index.php?rest_route=%2Fwp%2Fv2%2Fproduct_tag&post=1073"}],"curies":[{"name":"wp","href":"https:\/\/api.w.org\/{rel}","templated":true}]}}