{"id":1071,"date":"2024-08-19T16:48:51","date_gmt":"2024-08-19T19:48:51","guid":{"rendered":"https:\/\/lubrificmultimarcas.com.br\/?post_type=product&#038;p=1071"},"modified":"2024-08-19T16:48:51","modified_gmt":"2024-08-19T19:48:51","slug":"unix-dth-premium-2t","status":"publish","type":"product","link":"https:\/\/lubrificmultimarcas.com.br\/?product=unix-dth-premium-2t","title":{"rendered":"UNIX DTH PREMIUM 2T"},"content":{"rendered":"<p>UNIX DTH PREMIUM \u00e9 um \u00f3leo para motores 2 tempos de alta performance \u00e0 gasolina que atende ao n\u00edvel de desempenho API TC e JASO FD indicado para motores de motosserras, ro\u00e7adeiras, motocicletas, motonetas, ciclomotores e motores estacion\u00e1rios. Com tecnologia para descarboniza\u00e7\u00e3o.<\/p>\n<p>Siga a recomenda\u00e7\u00e3o de dilui\u00e7\u00e3o sugerida pelo fabricante do equipamento ou seguir a indica\u00e7\u00e3o de propor\u00e7\u00e3o 1:50. Exemplo: 20 ml de Unix DTH Premium para 1 litro de gasolina.<\/p>\n<p>\u00d3leo de colora\u00e7\u00e3o vermelha.<\/p>\n<p>Fabricado por UNI Lubrificantes.<\/p>\n","protected":false},"excerpt":{"rendered":"<p>UNIX DTH PREMIUM 2T, 600 HRS.<\/p>\n","protected":false},"featured_media":1072,"comment_status":"open","ping_status":"closed","template":"","meta":{"_joinchat":[]},"product_cat":[20],"product_tag":[],"_links":{"self":[{"href":"https:\/\/lubrificmultimarcas.com.br\/index.php?rest_route=\/wp\/v2\/product\/1071"}],"collection":[{"href":"https:\/\/lubrificmultimarcas.com.br\/index.php?rest_route=\/wp\/v2\/product"}],"about":[{"href":"https:\/\/lubrificmultimarcas.com.br\/index.php?rest_route=\/wp\/v2\/types\/product"}],"replies":[{"embeddable":true,"href":"https:\/\/lubrificmultimarcas.com.br\/index.php?rest_route=%2Fwp%2Fv2%2Fcomments&post=1071"}],"wp:featuredmedia":[{"embeddable":true,"href":"https:\/\/lubrificmultimarcas.com.br\/index.php?rest_route=\/wp\/v2\/media\/1072"}],"wp:attachment":[{"href":"https:\/\/lubrificmultimarcas.com.br\/index.php?rest_route=%2Fwp%2Fv2%2Fmedia&parent=1071"}],"wp:term":[{"taxonomy":"product_cat","embeddable":true,"href":"https:\/\/lubrificmultimarcas.com.br\/index.php?rest_route=%2Fwp%2Fv2%2Fproduct_cat&post=1071"},{"taxonomy":"product_tag","embeddable":true,"href":"https:\/\/lubrificmultimarcas.com.br\/index.php?rest_route=%2Fwp%2Fv2%2Fproduct_tag&post=1071"}],"curies":[{"name":"wp","href":"https:\/\/api.w.org\/{rel}","templated":true}]}}