{"id":1069,"date":"2024-08-19T16:34:38","date_gmt":"2024-08-19T19:34:38","guid":{"rendered":"https:\/\/lubrificmultimarcas.com.br\/?post_type=product&#038;p=1069"},"modified":"2024-08-19T16:34:38","modified_gmt":"2024-08-19T19:34:38","slug":"mult-lub-40-estacionario","status":"publish","type":"product","link":"https:\/\/lubrificmultimarcas.com.br\/?product=mult-lub-40-estacionario","title":{"rendered":"MULT LUB 40 ESTACION\u00c1RIO"},"content":{"rendered":"<p>SAE 40 API CF<\/p>\n<p>\u00d3leo lubrificante mineral monoviscoso para motores a diesel estacion\u00e1rios.<\/p>\n<p>Proporciona \u00f3tima lubrifica\u00e7\u00e3o do motor estacion\u00e1rio.<\/p>\n<p>Ideal para motores com partida manual ou el\u00e9trica, refrigerados a ar, com filtro de ar e banhado a \u00f3leo.<\/p>\n","protected":false},"excerpt":{"rendered":"<p>SAE 40 PARA MOTORES ESTACION\u00c1RIOS<\/p>\n","protected":false},"featured_media":1070,"comment_status":"open","ping_status":"closed","template":"","meta":{"_joinchat":[]},"product_cat":[20],"product_tag":[],"_links":{"self":[{"href":"https:\/\/lubrificmultimarcas.com.br\/index.php?rest_route=\/wp\/v2\/product\/1069"}],"collection":[{"href":"https:\/\/lubrificmultimarcas.com.br\/index.php?rest_route=\/wp\/v2\/product"}],"about":[{"href":"https:\/\/lubrificmultimarcas.com.br\/index.php?rest_route=\/wp\/v2\/types\/product"}],"replies":[{"embeddable":true,"href":"https:\/\/lubrificmultimarcas.com.br\/index.php?rest_route=%2Fwp%2Fv2%2Fcomments&post=1069"}],"wp:featuredmedia":[{"embeddable":true,"href":"https:\/\/lubrificmultimarcas.com.br\/index.php?rest_route=\/wp\/v2\/media\/1070"}],"wp:attachment":[{"href":"https:\/\/lubrificmultimarcas.com.br\/index.php?rest_route=%2Fwp%2Fv2%2Fmedia&parent=1069"}],"wp:term":[{"taxonomy":"product_cat","embeddable":true,"href":"https:\/\/lubrificmultimarcas.com.br\/index.php?rest_route=%2Fwp%2Fv2%2Fproduct_cat&post=1069"},{"taxonomy":"product_tag","embeddable":true,"href":"https:\/\/lubrificmultimarcas.com.br\/index.php?rest_route=%2Fwp%2Fv2%2Fproduct_tag&post=1069"}],"curies":[{"name":"wp","href":"https:\/\/api.w.org\/{rel}","templated":true}]}}