{"id":1066,"date":"2024-08-19T16:28:21","date_gmt":"2024-08-19T19:28:21","guid":{"rendered":"https:\/\/lubrificmultimarcas.com.br\/?post_type=product&#038;p=1066"},"modified":"2024-08-19T16:28:21","modified_gmt":"2024-08-19T19:28:21","slug":"radnaq-ultra-ps","status":"publish","type":"product","link":"https:\/\/lubrificmultimarcas.com.br\/?product=radnaq-ultra-ps","title":{"rendered":"RADNAQ ULTRA PS"},"content":{"rendered":"<p>O\u00a0<strong>Fluido para Radiador Ultra PS<\/strong> \u00e9 um composto qu\u00edmico desenvolvido com pol\u00edmeros de alta performance, pronto para uso. Possui em sua formula\u00e7\u00e3o inibidores de corros\u00e3o na propor\u00e7\u00e3o adequada para a prote\u00e7\u00e3o dos metais do sistema de arrefecimento dos motores de ve\u00edculos (gasolina\/etanol\/diesel\/GNV\/flex) e motores estacion\u00e1rios. Prolonga a vida \u00fatil dos motores oferecendo excelente prote\u00e7\u00e3o contra a corros\u00e3o e cavita\u00e7\u00e3o, inibe o ressecamento das mangueiras e lubrifica a bomba de \u00e1gua. O produto \u00e9 um excelente condutor t\u00e9rmico e possui baixa condutividade el\u00e9trica.<\/p>\n<p><strong>Aten\u00e7\u00e3o:<\/strong>\u00a0Nunca misture o\u00a0<strong>Ultra PS Radnaq<\/strong> com outros aditivos ou solu\u00e7\u00f5es. O produto n\u00e3o necessita de dilui\u00e7\u00e3o, e pode ser utilizado puro no sistema.<\/p>\n","protected":false},"excerpt":{"rendered":"<p>ADITIVO DE RADIADOR DE PRONTO USO<\/p>\n","protected":false},"featured_media":1068,"comment_status":"open","ping_status":"closed","template":"","meta":{"_joinchat":[]},"product_cat":[20],"product_tag":[],"_links":{"self":[{"href":"https:\/\/lubrificmultimarcas.com.br\/index.php?rest_route=\/wp\/v2\/product\/1066"}],"collection":[{"href":"https:\/\/lubrificmultimarcas.com.br\/index.php?rest_route=\/wp\/v2\/product"}],"about":[{"href":"https:\/\/lubrificmultimarcas.com.br\/index.php?rest_route=\/wp\/v2\/types\/product"}],"replies":[{"embeddable":true,"href":"https:\/\/lubrificmultimarcas.com.br\/index.php?rest_route=%2Fwp%2Fv2%2Fcomments&post=1066"}],"wp:featuredmedia":[{"embeddable":true,"href":"https:\/\/lubrificmultimarcas.com.br\/index.php?rest_route=\/wp\/v2\/media\/1068"}],"wp:attachment":[{"href":"https:\/\/lubrificmultimarcas.com.br\/index.php?rest_route=%2Fwp%2Fv2%2Fmedia&parent=1066"}],"wp:term":[{"taxonomy":"product_cat","embeddable":true,"href":"https:\/\/lubrificmultimarcas.com.br\/index.php?rest_route=%2Fwp%2Fv2%2Fproduct_cat&post=1066"},{"taxonomy":"product_tag","embeddable":true,"href":"https:\/\/lubrificmultimarcas.com.br\/index.php?rest_route=%2Fwp%2Fv2%2Fproduct_tag&post=1066"}],"curies":[{"name":"wp","href":"https:\/\/api.w.org\/{rel}","templated":true}]}}