{"id":1062,"date":"2024-08-19T16:15:37","date_gmt":"2024-08-19T19:15:37","guid":{"rendered":"https:\/\/lubrificmultimarcas.com.br\/?post_type=product&#038;p=1062"},"modified":"2024-08-19T16:15:37","modified_gmt":"2024-08-19T19:15:37","slug":"texaco-ursa-la-3-sae-30","status":"publish","type":"product","link":"https:\/\/lubrificmultimarcas.com.br\/?product=texaco-ursa-la-3-sae-30","title":{"rendered":"TEXACO URSA LA-3 SAE 30"},"content":{"rendered":"<p>Ursa LA-3 SAE 30 \u00e9 um \u00f3leo monoviscoso para uso em transmiss\u00f5es operando em todas as condi\u00e7\u00f5es de servi\u00e7o.<\/p>\n<p>Proporcionam:<br \/>\n-Baixo desgaste, facultando longa vida \u00fatil aos componentes e baixos custos de manuten\u00e7\u00e3o.<br \/>\n-Elevado poder de limpeza &#8211; suas caracter\u00edsticas detergentes e dispersantes contribuem em manter os sistemas livres de borras e vernizes.<br \/>\n-Longa vida aos selos &#8211; sua formula\u00e7\u00e3o balanceada \u00e9 compat\u00edvel com a maioria dos materiais utilizados na fabrica\u00e7\u00e3o de selos e retentores.<\/p>\n<p>APLICA\u00c7\u00d5ES Ursa LA-3 SAE 30 pode ser utilizado em transmiss\u00f5es, comandos finais e sistemas hidr\u00e1ulicos.<\/p>\n<p>A s\u00e9rie Ursa LA-3 atende:<br \/>\nAPI, CF, CD1, SF<\/p>\n<p>Qualidade TEXACO.<\/p>\n","protected":false},"excerpt":{"rendered":"<p>URSA LA-3 SAE 30 para transmiss\u00f5es.<\/p>\n","protected":false},"featured_media":1063,"comment_status":"open","ping_status":"closed","template":"","meta":{"_joinchat":[]},"product_cat":[20],"product_tag":[],"_links":{"self":[{"href":"https:\/\/lubrificmultimarcas.com.br\/index.php?rest_route=\/wp\/v2\/product\/1062"}],"collection":[{"href":"https:\/\/lubrificmultimarcas.com.br\/index.php?rest_route=\/wp\/v2\/product"}],"about":[{"href":"https:\/\/lubrificmultimarcas.com.br\/index.php?rest_route=\/wp\/v2\/types\/product"}],"replies":[{"embeddable":true,"href":"https:\/\/lubrificmultimarcas.com.br\/index.php?rest_route=%2Fwp%2Fv2%2Fcomments&post=1062"}],"wp:featuredmedia":[{"embeddable":true,"href":"https:\/\/lubrificmultimarcas.com.br\/index.php?rest_route=\/wp\/v2\/media\/1063"}],"wp:attachment":[{"href":"https:\/\/lubrificmultimarcas.com.br\/index.php?rest_route=%2Fwp%2Fv2%2Fmedia&parent=1062"}],"wp:term":[{"taxonomy":"product_cat","embeddable":true,"href":"https:\/\/lubrificmultimarcas.com.br\/index.php?rest_route=%2Fwp%2Fv2%2Fproduct_cat&post=1062"},{"taxonomy":"product_tag","embeddable":true,"href":"https:\/\/lubrificmultimarcas.com.br\/index.php?rest_route=%2Fwp%2Fv2%2Fproduct_tag&post=1062"}],"curies":[{"name":"wp","href":"https:\/\/api.w.org\/{rel}","templated":true}]}}