{"id":1059,"date":"2024-08-19T16:03:01","date_gmt":"2024-08-19T19:03:01","guid":{"rendered":"https:\/\/lubrificmultimarcas.com.br\/?post_type=product&#038;p=1059"},"modified":"2024-08-19T16:04:03","modified_gmt":"2024-08-19T19:04:03","slug":"falub-techplus-15w40-sl","status":"publish","type":"product","link":"https:\/\/lubrificmultimarcas.com.br\/?product=falub-techplus-15w40-sl","title":{"rendered":"FALUB TECHPLUS 15W40 SL"},"content":{"rendered":"<p>\u00d3leo lubrificante de base semi sint\u00e9tica, multiviscoso, de alta performance, recomendado para motores a \u00e1lcool gasolina e g\u00e1s natural naturalmente aspirado, superalimentado ou turboalimentados que operem sob condi\u00e7\u00f5es de servi\u00e7os extremamente severo em regime de alto esfor\u00e7o e uso prolongado, atendendo as exig\u00eancias e especifica\u00e7\u00f5es dos mais importantes fabricantes de motores.<br \/>\n15w40 API SL<\/p>\n","protected":false},"excerpt":{"rendered":"<p>15w40 semissint\u00e9tico API SL para motores \u00e0 gasolina, \u00e1lcool, flex e GNV.<\/p>\n","protected":false},"featured_media":1061,"comment_status":"open","ping_status":"closed","template":"","meta":{"_joinchat":[]},"product_cat":[20],"product_tag":[],"_links":{"self":[{"href":"https:\/\/lubrificmultimarcas.com.br\/index.php?rest_route=\/wp\/v2\/product\/1059"}],"collection":[{"href":"https:\/\/lubrificmultimarcas.com.br\/index.php?rest_route=\/wp\/v2\/product"}],"about":[{"href":"https:\/\/lubrificmultimarcas.com.br\/index.php?rest_route=\/wp\/v2\/types\/product"}],"replies":[{"embeddable":true,"href":"https:\/\/lubrificmultimarcas.com.br\/index.php?rest_route=%2Fwp%2Fv2%2Fcomments&post=1059"}],"wp:featuredmedia":[{"embeddable":true,"href":"https:\/\/lubrificmultimarcas.com.br\/index.php?rest_route=\/wp\/v2\/media\/1061"}],"wp:attachment":[{"href":"https:\/\/lubrificmultimarcas.com.br\/index.php?rest_route=%2Fwp%2Fv2%2Fmedia&parent=1059"}],"wp:term":[{"taxonomy":"product_cat","embeddable":true,"href":"https:\/\/lubrificmultimarcas.com.br\/index.php?rest_route=%2Fwp%2Fv2%2Fproduct_cat&post=1059"},{"taxonomy":"product_tag","embeddable":true,"href":"https:\/\/lubrificmultimarcas.com.br\/index.php?rest_route=%2Fwp%2Fv2%2Fproduct_tag&post=1059"}],"curies":[{"name":"wp","href":"https:\/\/api.w.org\/{rel}","templated":true}]}}