{"id":1051,"date":"2024-08-19T15:17:49","date_gmt":"2024-08-19T18:17:49","guid":{"rendered":"https:\/\/lubrificmultimarcas.com.br\/?post_type=product&#038;p=1051"},"modified":"2024-08-19T15:18:51","modified_gmt":"2024-08-19T18:18:51","slug":"ipiranga-ultragear-80w","status":"publish","type":"product","link":"https:\/\/lubrificmultimarcas.com.br\/?product=ipiranga-ultragear-80w","title":{"rendered":"IPIRANGA ULTRAGEAR 80W"},"content":{"rendered":"<p>O \u00d3leo Para Cambio Ipiranga 80w Ultragear GL-4 \u00e9 a escolha ideal para quem busca qualidade e desempenho em lubrifica\u00e7\u00e3o.<\/p>\n<p>Com um grau de viscosidade SAE 80W, este \u00f3leo mineral \u00e9 especialmente formulado para atender \u00e0s exig\u00eancias de caixas de mudan\u00e7as de ve\u00edculos de passeio, \u00f4nibus, caminh\u00f5es, al\u00e9m de m\u00e1quinas de terraplanagem e agr\u00edcolas. Sua composi\u00e7\u00e3o \u00e9 baseada em \u00f3leos b\u00e1sicos minerais e aditivos que garantem uma performance superior.<\/p>\n<p>O produto possui o n\u00famero de registro de ANP, assegurando sua qualidade e conformidade.<\/p>\n<p>Ipiranga Ultragear GL-4 atende \u00e0 classifica\u00e7\u00e3o API GL-4, proporcionando prote\u00e7\u00e3o e efici\u00eancia para o seu ve\u00edculo ou maquin\u00e1rio. Mantenha seu sistema de transmiss\u00e3o em \u00f3timo estado com este \u00f3leo lubrificante de alta performance.<\/p>\n","protected":false},"excerpt":{"rendered":"<p>Ipiranga 80w Ultragear GL-4 Mineral<\/p>\n","protected":false},"featured_media":1052,"comment_status":"open","ping_status":"closed","template":"","meta":{"_joinchat":[]},"product_cat":[20],"product_tag":[],"_links":{"self":[{"href":"https:\/\/lubrificmultimarcas.com.br\/index.php?rest_route=\/wp\/v2\/product\/1051"}],"collection":[{"href":"https:\/\/lubrificmultimarcas.com.br\/index.php?rest_route=\/wp\/v2\/product"}],"about":[{"href":"https:\/\/lubrificmultimarcas.com.br\/index.php?rest_route=\/wp\/v2\/types\/product"}],"replies":[{"embeddable":true,"href":"https:\/\/lubrificmultimarcas.com.br\/index.php?rest_route=%2Fwp%2Fv2%2Fcomments&post=1051"}],"wp:featuredmedia":[{"embeddable":true,"href":"https:\/\/lubrificmultimarcas.com.br\/index.php?rest_route=\/wp\/v2\/media\/1052"}],"wp:attachment":[{"href":"https:\/\/lubrificmultimarcas.com.br\/index.php?rest_route=%2Fwp%2Fv2%2Fmedia&parent=1051"}],"wp:term":[{"taxonomy":"product_cat","embeddable":true,"href":"https:\/\/lubrificmultimarcas.com.br\/index.php?rest_route=%2Fwp%2Fv2%2Fproduct_cat&post=1051"},{"taxonomy":"product_tag","embeddable":true,"href":"https:\/\/lubrificmultimarcas.com.br\/index.php?rest_route=%2Fwp%2Fv2%2Fproduct_tag&post=1051"}],"curies":[{"name":"wp","href":"https:\/\/api.w.org\/{rel}","templated":true}]}}