{"id":1041,"date":"2024-07-11T17:43:14","date_gmt":"2024-07-11T20:43:14","guid":{"rendered":"https:\/\/lubrificmultimarcas.com.br\/?post_type=product&#038;p=1041"},"modified":"2024-07-11T17:43:14","modified_gmt":"2024-07-11T20:43:14","slug":"radnaq-aditivo-t-5-long-life","status":"publish","type":"product","link":"https:\/\/lubrificmultimarcas.com.br\/?product=radnaq-aditivo-t-5-long-life","title":{"rendered":"RADNAQ ADITIVO T-5 LONG LIFE"},"content":{"rendered":"<p>O Fluido para Radiador Long Life T-5 \u00e9 um composto qu\u00edmico concentrado desenvolvido com mat\u00e9rias primas de alta performance. Com um poderoso anticorrosivo concentrado formulado na propor\u00e7\u00e3o adequada para a prote\u00e7\u00e3o do sistema de arrefecimento e de todos os metais que o comp\u00f5e, inibe a forma\u00e7\u00e3o de incrusta\u00e7\u00f5es e garante uma perfeita troca t\u00e9rmica. Colora\u00e7\u00e3o rosa.<\/p>\n<p>Modo de Usar:<\/p>\n<ol>\n<li>Drenar o sistema de arrefecimento (verificar o procedimento no manual do ve\u00edculo);<\/li>\n<li>Efetuar a limpeza com \u00e1gua pura, caso necess\u00e1rio, \u00e9 recomendado o uso do\u00a0Limpa Radiador Radnaq de acordo com o modo de usar do produto;<\/li>\n<li>Dilua o produto na propor\u00e7\u00e3o de 40% de\u00a0T5 Long Life\u00a0e 60% de\u00a0\u00c1gua Desmineralizada Radnaq.<\/li>\n<\/ol>\n<p>&nbsp;<\/p>\n<p>*ISO 9001:2015<\/p>\n<p>EMBALAGENS:<br \/>\n&#8211; FRASCO 1 LITRO<br \/>\n&#8211; GAL\u00c3O 20 LITROS<\/p>\n","protected":false},"excerpt":{"rendered":"<p>ADITIVO T-5 LONG LIFE, CONCENTRADO, PARA RADIADORES.<\/p>\n","protected":false},"featured_media":1042,"comment_status":"open","ping_status":"closed","template":"","meta":{"_joinchat":[]},"product_cat":[20],"product_tag":[],"_links":{"self":[{"href":"https:\/\/lubrificmultimarcas.com.br\/index.php?rest_route=\/wp\/v2\/product\/1041"}],"collection":[{"href":"https:\/\/lubrificmultimarcas.com.br\/index.php?rest_route=\/wp\/v2\/product"}],"about":[{"href":"https:\/\/lubrificmultimarcas.com.br\/index.php?rest_route=\/wp\/v2\/types\/product"}],"replies":[{"embeddable":true,"href":"https:\/\/lubrificmultimarcas.com.br\/index.php?rest_route=%2Fwp%2Fv2%2Fcomments&post=1041"}],"wp:featuredmedia":[{"embeddable":true,"href":"https:\/\/lubrificmultimarcas.com.br\/index.php?rest_route=\/wp\/v2\/media\/1042"}],"wp:attachment":[{"href":"https:\/\/lubrificmultimarcas.com.br\/index.php?rest_route=%2Fwp%2Fv2%2Fmedia&parent=1041"}],"wp:term":[{"taxonomy":"product_cat","embeddable":true,"href":"https:\/\/lubrificmultimarcas.com.br\/index.php?rest_route=%2Fwp%2Fv2%2Fproduct_cat&post=1041"},{"taxonomy":"product_tag","embeddable":true,"href":"https:\/\/lubrificmultimarcas.com.br\/index.php?rest_route=%2Fwp%2Fv2%2Fproduct_tag&post=1041"}],"curies":[{"name":"wp","href":"https:\/\/api.w.org\/{rel}","templated":true}]}}