{"id":1039,"date":"2024-07-11T17:34:00","date_gmt":"2024-07-11T20:34:00","guid":{"rendered":"https:\/\/lubrificmultimarcas.com.br\/?post_type=product&#038;p=1039"},"modified":"2024-07-11T17:34:00","modified_gmt":"2024-07-11T20:34:00","slug":"mult-lub-tractor-tdhf-10w30","status":"publish","type":"product","link":"https:\/\/lubrificmultimarcas.com.br\/?product=mult-lub-tractor-tdhf-10w30","title":{"rendered":"MULT LUB TRACTOR TDHF 10W30"},"content":{"rendered":"<div>\u00d3leo lubrificante mineral de m\u00faltiplas aplica\u00e7\u00f5es para tratores agr\u00edcolas.<\/div>\n<div><\/div>\n<div>\u00c9 recomendado para uso nos sistemas de transmiss\u00e3o, hidr\u00e1ulico e de freio em \u00f3leo. Atende aos requisitos de desempenho para servi\u00e7os em equipamentos fabricados por diversos fabricantes de tratores, desde que atendam \u00e0s classifica\u00e7\u00f5es SAE 10W30 e API GL-4.<\/div>\n","protected":false},"excerpt":{"rendered":"<p>TRACTOR TDHF MULTIFUNCIONAL 10W30 API GL-4<\/p>\n","protected":false},"featured_media":1040,"comment_status":"open","ping_status":"closed","template":"","meta":{"_joinchat":[]},"product_cat":[20],"product_tag":[],"_links":{"self":[{"href":"https:\/\/lubrificmultimarcas.com.br\/index.php?rest_route=\/wp\/v2\/product\/1039"}],"collection":[{"href":"https:\/\/lubrificmultimarcas.com.br\/index.php?rest_route=\/wp\/v2\/product"}],"about":[{"href":"https:\/\/lubrificmultimarcas.com.br\/index.php?rest_route=\/wp\/v2\/types\/product"}],"replies":[{"embeddable":true,"href":"https:\/\/lubrificmultimarcas.com.br\/index.php?rest_route=%2Fwp%2Fv2%2Fcomments&post=1039"}],"wp:featuredmedia":[{"embeddable":true,"href":"https:\/\/lubrificmultimarcas.com.br\/index.php?rest_route=\/wp\/v2\/media\/1040"}],"wp:attachment":[{"href":"https:\/\/lubrificmultimarcas.com.br\/index.php?rest_route=%2Fwp%2Fv2%2Fmedia&parent=1039"}],"wp:term":[{"taxonomy":"product_cat","embeddable":true,"href":"https:\/\/lubrificmultimarcas.com.br\/index.php?rest_route=%2Fwp%2Fv2%2Fproduct_cat&post=1039"},{"taxonomy":"product_tag","embeddable":true,"href":"https:\/\/lubrificmultimarcas.com.br\/index.php?rest_route=%2Fwp%2Fv2%2Fproduct_tag&post=1039"}],"curies":[{"name":"wp","href":"https:\/\/api.w.org\/{rel}","templated":true}]}}