{"id":1033,"date":"2024-07-11T17:17:08","date_gmt":"2024-07-11T20:17:08","guid":{"rendered":"https:\/\/lubrificmultimarcas.com.br\/?post_type=product&#038;p=1033"},"modified":"2024-07-11T17:18:01","modified_gmt":"2024-07-11T20:18:01","slug":"ipiranga-gl-5-90","status":"publish","type":"product","link":"https:\/\/lubrificmultimarcas.com.br\/?product=ipiranga-gl-5-90","title":{"rendered":"IPIRANGA GL-5 90"},"content":{"rendered":"<p>\u00d3leo lubrificante mineral, formulado com \u00f3leos b\u00e1sicos e aditivos de alto padr\u00e3o. Indicado para uso em eixos e diferenciais que equipam ve\u00edculos com tra\u00e7\u00e3o traseira, como \u00f4nibus, caminh\u00f5es, equipamentos de constru\u00e7\u00e3o civil ou agr\u00edcolas.<\/p>\n<p>O ULTRAGEAR GL-5 foi elaborado com uma formula\u00e7\u00e3o balanceada contendo aditivos \u00e0 base de enxofre e f\u00f3sforo que lhe fornece a robustez necess\u00e1ria para suportar o esfor\u00e7o de trabalho nos eixos traseiros e nos diferenciais de ve\u00edculos pesados, oferecendo resist\u00eancia superior a extrema press\u00e3o e prote\u00e7\u00e3o contra ferrugem e corros\u00e3o. Atua diretamente na prote\u00e7\u00e3o dos dentes das engrenagens, garantindo a integridade dos componentes mesmo sob condi\u00e7\u00f5es severas de opera\u00e7\u00e3o.<\/p>\n","protected":false},"excerpt":{"rendered":"<p>IPIRANGA ULTRAGEAR API GL-5 SAE 90.<\/p>\n","protected":false},"featured_media":1034,"comment_status":"open","ping_status":"closed","template":"","meta":{"_joinchat":[]},"product_cat":[20],"product_tag":[],"_links":{"self":[{"href":"https:\/\/lubrificmultimarcas.com.br\/index.php?rest_route=\/wp\/v2\/product\/1033"}],"collection":[{"href":"https:\/\/lubrificmultimarcas.com.br\/index.php?rest_route=\/wp\/v2\/product"}],"about":[{"href":"https:\/\/lubrificmultimarcas.com.br\/index.php?rest_route=\/wp\/v2\/types\/product"}],"replies":[{"embeddable":true,"href":"https:\/\/lubrificmultimarcas.com.br\/index.php?rest_route=%2Fwp%2Fv2%2Fcomments&post=1033"}],"wp:featuredmedia":[{"embeddable":true,"href":"https:\/\/lubrificmultimarcas.com.br\/index.php?rest_route=\/wp\/v2\/media\/1034"}],"wp:attachment":[{"href":"https:\/\/lubrificmultimarcas.com.br\/index.php?rest_route=%2Fwp%2Fv2%2Fmedia&parent=1033"}],"wp:term":[{"taxonomy":"product_cat","embeddable":true,"href":"https:\/\/lubrificmultimarcas.com.br\/index.php?rest_route=%2Fwp%2Fv2%2Fproduct_cat&post=1033"},{"taxonomy":"product_tag","embeddable":true,"href":"https:\/\/lubrificmultimarcas.com.br\/index.php?rest_route=%2Fwp%2Fv2%2Fproduct_tag&post=1033"}],"curies":[{"name":"wp","href":"https:\/\/api.w.org\/{rel}","templated":true}]}}