{"id":1031,"date":"2024-07-11T17:11:45","date_gmt":"2024-07-11T20:11:45","guid":{"rendered":"https:\/\/lubrificmultimarcas.com.br\/?post_type=product&#038;p=1031"},"modified":"2024-07-11T17:11:46","modified_gmt":"2024-07-11T20:11:46","slug":"lubrax-tecno-15w40-api-sl","status":"publish","type":"product","link":"https:\/\/lubrificmultimarcas.com.br\/?product=lubrax-tecno-15w40-api-sl","title":{"rendered":"LUBRAX TECNO 15W40 API SL"},"content":{"rendered":"<p>\u00d3leo lubrificante semissint\u00e9tico para uso nos motores a gasolina, etanol, flex e GNV que exigem<br \/>\nlubrificante com n\u00edvel de desempenho API SL ou inferiores. Dispon\u00edvel no grau SAE 15W-40.<br \/>\nAplica\u00e7\u00f5es.<\/p>\n<p>LUBRAX TECNO SL \u00e9 recomendado para uso em todos os motores a gasolina, etanol, flex e GNV<br \/>\nde ve\u00edculos nacionais ou importados com inje\u00e7\u00e3o eletr\u00f4nica e multiv\u00e1lvulas, sendo compat\u00edvel com<br \/>\nos conversores catal\u00edticos e atende ao n\u00edvel de desempenho API SL.<\/p>\n","protected":false},"excerpt":{"rendered":"<p>Lubrificante 15W-40 semissint\u00e9tico para motores \u00e0 gasolina\/etanol\/flex\/GNV<\/p>\n","protected":false},"featured_media":1032,"comment_status":"open","ping_status":"closed","template":"","meta":{"_joinchat":[]},"product_cat":[20],"product_tag":[],"_links":{"self":[{"href":"https:\/\/lubrificmultimarcas.com.br\/index.php?rest_route=\/wp\/v2\/product\/1031"}],"collection":[{"href":"https:\/\/lubrificmultimarcas.com.br\/index.php?rest_route=\/wp\/v2\/product"}],"about":[{"href":"https:\/\/lubrificmultimarcas.com.br\/index.php?rest_route=\/wp\/v2\/types\/product"}],"replies":[{"embeddable":true,"href":"https:\/\/lubrificmultimarcas.com.br\/index.php?rest_route=%2Fwp%2Fv2%2Fcomments&post=1031"}],"wp:featuredmedia":[{"embeddable":true,"href":"https:\/\/lubrificmultimarcas.com.br\/index.php?rest_route=\/wp\/v2\/media\/1032"}],"wp:attachment":[{"href":"https:\/\/lubrificmultimarcas.com.br\/index.php?rest_route=%2Fwp%2Fv2%2Fmedia&parent=1031"}],"wp:term":[{"taxonomy":"product_cat","embeddable":true,"href":"https:\/\/lubrificmultimarcas.com.br\/index.php?rest_route=%2Fwp%2Fv2%2Fproduct_cat&post=1031"},{"taxonomy":"product_tag","embeddable":true,"href":"https:\/\/lubrificmultimarcas.com.br\/index.php?rest_route=%2Fwp%2Fv2%2Fproduct_tag&post=1031"}],"curies":[{"name":"wp","href":"https:\/\/api.w.org\/{rel}","templated":true}]}}