{"id":1026,"date":"2024-07-11T16:46:32","date_gmt":"2024-07-11T19:46:32","guid":{"rendered":"https:\/\/lubrificmultimarcas.com.br\/?post_type=product&#038;p=1026"},"modified":"2024-07-11T16:46:32","modified_gmt":"2024-07-11T19:46:32","slug":"mult-lub-dh-atf","status":"publish","type":"product","link":"https:\/\/lubrificmultimarcas.com.br\/?product=mult-lub-dh-atf","title":{"rendered":"MULT LUB DH ATF"},"content":{"rendered":"<div>\u00d3leo lubrificante mineral para dire\u00e7\u00e3o hidr\u00e1ulica.<\/div>\n<div>Proporciona \u00f3tima lubrifica\u00e7\u00e3o das partes met\u00e1licas, proporcionando prote\u00e7\u00e3o contra oxida\u00e7\u00f5es, corros\u00f5es e diminui\u00e7\u00e3o de atrito.<\/div>\n<div>Colora\u00e7\u00e3o vermelha.<\/div>\n","protected":false},"excerpt":{"rendered":"<p>MULT LUB DH 10W20<\/p>\n","protected":false},"featured_media":1027,"comment_status":"open","ping_status":"closed","template":"","meta":{"_joinchat":[]},"product_cat":[20],"product_tag":[],"_links":{"self":[{"href":"https:\/\/lubrificmultimarcas.com.br\/index.php?rest_route=\/wp\/v2\/product\/1026"}],"collection":[{"href":"https:\/\/lubrificmultimarcas.com.br\/index.php?rest_route=\/wp\/v2\/product"}],"about":[{"href":"https:\/\/lubrificmultimarcas.com.br\/index.php?rest_route=\/wp\/v2\/types\/product"}],"replies":[{"embeddable":true,"href":"https:\/\/lubrificmultimarcas.com.br\/index.php?rest_route=%2Fwp%2Fv2%2Fcomments&post=1026"}],"wp:featuredmedia":[{"embeddable":true,"href":"https:\/\/lubrificmultimarcas.com.br\/index.php?rest_route=\/wp\/v2\/media\/1027"}],"wp:attachment":[{"href":"https:\/\/lubrificmultimarcas.com.br\/index.php?rest_route=%2Fwp%2Fv2%2Fmedia&parent=1026"}],"wp:term":[{"taxonomy":"product_cat","embeddable":true,"href":"https:\/\/lubrificmultimarcas.com.br\/index.php?rest_route=%2Fwp%2Fv2%2Fproduct_cat&post=1026"},{"taxonomy":"product_tag","embeddable":true,"href":"https:\/\/lubrificmultimarcas.com.br\/index.php?rest_route=%2Fwp%2Fv2%2Fproduct_tag&post=1026"}],"curies":[{"name":"wp","href":"https:\/\/api.w.org\/{rel}","templated":true}]}}