{"id":1023,"date":"2024-06-26T17:19:16","date_gmt":"2024-06-26T20:19:16","guid":{"rendered":"https:\/\/lubrificmultimarcas.com.br\/?post_type=product&#038;p=1023"},"modified":"2024-06-26T17:19:16","modified_gmt":"2024-06-26T20:19:16","slug":"mobil-super-moto-4t-20w50","status":"publish","type":"product","link":"https:\/\/lubrificmultimarcas.com.br\/?product=mobil-super-moto-4t-20w50","title":{"rendered":"MOBIL SUPER MOTO 4T 20W50"},"content":{"rendered":"<p>Mobil Super\u2122 Moto 4T 20W-50 \u00e9 um \u00f3leo mineral de qualidade premium para motores de motocicletas de quatro tempos. O produto foi projetado para fornecer prote\u00e7\u00e3o para uso em todos os tipos de motocicletas e motores de quatro tempos na maioria das condi\u00e7\u00f5es operacionais.<\/p>\n<p>Mobil Super Moto 4T 20W-50 foi formulado para ser apropriado para uso em motocicletas que requeiram \u00f3leos com desempenho API SL e atende e excede os requisitos da JASO MA e JASO MA2. A ExxonMobil particularmente recomenda Mobil Super Moto 4T 20W-50 para utiliza\u00e7\u00e3o di\u00e1ria sob condi\u00e7\u00f5es normais<\/p>\n","protected":false},"excerpt":{"rendered":"<p>Mobil Super\u2122 Moto 4T 20W-50 API SL | JASO MA2<\/p>\n","protected":false},"featured_media":1021,"comment_status":"open","ping_status":"closed","template":"","meta":{"_joinchat":[]},"product_cat":[20],"product_tag":[],"_links":{"self":[{"href":"https:\/\/lubrificmultimarcas.com.br\/index.php?rest_route=\/wp\/v2\/product\/1023"}],"collection":[{"href":"https:\/\/lubrificmultimarcas.com.br\/index.php?rest_route=\/wp\/v2\/product"}],"about":[{"href":"https:\/\/lubrificmultimarcas.com.br\/index.php?rest_route=\/wp\/v2\/types\/product"}],"replies":[{"embeddable":true,"href":"https:\/\/lubrificmultimarcas.com.br\/index.php?rest_route=%2Fwp%2Fv2%2Fcomments&post=1023"}],"wp:featuredmedia":[{"embeddable":true,"href":"https:\/\/lubrificmultimarcas.com.br\/index.php?rest_route=\/wp\/v2\/media\/1021"}],"wp:attachment":[{"href":"https:\/\/lubrificmultimarcas.com.br\/index.php?rest_route=%2Fwp%2Fv2%2Fmedia&parent=1023"}],"wp:term":[{"taxonomy":"product_cat","embeddable":true,"href":"https:\/\/lubrificmultimarcas.com.br\/index.php?rest_route=%2Fwp%2Fv2%2Fproduct_cat&post=1023"},{"taxonomy":"product_tag","embeddable":true,"href":"https:\/\/lubrificmultimarcas.com.br\/index.php?rest_route=%2Fwp%2Fv2%2Fproduct_tag&post=1023"}],"curies":[{"name":"wp","href":"https:\/\/api.w.org\/{rel}","templated":true}]}}