{"id":1013,"date":"2024-06-26T17:07:24","date_gmt":"2024-06-26T20:07:24","guid":{"rendered":"https:\/\/lubrificmultimarcas.com.br\/?post_type=product&#038;p=1013"},"modified":"2024-06-26T17:07:24","modified_gmt":"2024-06-26T20:07:24","slug":"falub-taurus-15w40-ci-4","status":"publish","type":"product","link":"https:\/\/lubrificmultimarcas.com.br\/?product=falub-taurus-15w40-ci-4","title":{"rendered":"FALUB TAURUS 15W40 CI-4"},"content":{"rendered":"<p>\u00d3leo lubrificante mineral multiviscoso, de alta performance, recomendado para motores a diesel naturalmente aspirado, superalimentado ou turboalimentados que operem sob condi\u00e7\u00f5es de servi\u00e7os extremamente severo em regime de alto esfor\u00e7o e uso prolongado, atendendo as exig\u00eancias e especifica\u00e7\u00f5es dos mais importantes fabricantes de motores diesel.<\/p>\n<p>Atende ao n\u00edvel de servi\u00e7o API CI \u2013 4\/ SL e MBB 228.2\/ 228.3, ACEA B3, E3, E 7-04, VOLVO VDS-3, ALISSON C-4. ACEA E 7-04, CUMMINS CES 20078.<\/p>\n","protected":false},"excerpt":{"rendered":"<p>15W40 CI-4 para motores a diesel.<\/p>\n","protected":false},"featured_media":1014,"comment_status":"open","ping_status":"closed","template":"","meta":{"_joinchat":[]},"product_cat":[20],"product_tag":[],"_links":{"self":[{"href":"https:\/\/lubrificmultimarcas.com.br\/index.php?rest_route=\/wp\/v2\/product\/1013"}],"collection":[{"href":"https:\/\/lubrificmultimarcas.com.br\/index.php?rest_route=\/wp\/v2\/product"}],"about":[{"href":"https:\/\/lubrificmultimarcas.com.br\/index.php?rest_route=\/wp\/v2\/types\/product"}],"replies":[{"embeddable":true,"href":"https:\/\/lubrificmultimarcas.com.br\/index.php?rest_route=%2Fwp%2Fv2%2Fcomments&post=1013"}],"wp:featuredmedia":[{"embeddable":true,"href":"https:\/\/lubrificmultimarcas.com.br\/index.php?rest_route=\/wp\/v2\/media\/1014"}],"wp:attachment":[{"href":"https:\/\/lubrificmultimarcas.com.br\/index.php?rest_route=%2Fwp%2Fv2%2Fmedia&parent=1013"}],"wp:term":[{"taxonomy":"product_cat","embeddable":true,"href":"https:\/\/lubrificmultimarcas.com.br\/index.php?rest_route=%2Fwp%2Fv2%2Fproduct_cat&post=1013"},{"taxonomy":"product_tag","embeddable":true,"href":"https:\/\/lubrificmultimarcas.com.br\/index.php?rest_route=%2Fwp%2Fv2%2Fproduct_tag&post=1013"}],"curies":[{"name":"wp","href":"https:\/\/api.w.org\/{rel}","templated":true}]}}