{"id":1010,"date":"2024-06-26T17:03:21","date_gmt":"2024-06-26T20:03:21","guid":{"rendered":"https:\/\/lubrificmultimarcas.com.br\/?post_type=product&#038;p=1010"},"modified":"2024-06-26T17:03:21","modified_gmt":"2024-06-26T20:03:21","slug":"texaco-marfak-mp2","status":"publish","type":"product","link":"https:\/\/lubrificmultimarcas.com.br\/?product=texaco-marfak-mp2","title":{"rendered":"TEXACO MARFAK MP2"},"content":{"rendered":"<p>Marfak MP2 \u00e9 uma graxa de l\u00edtio do tipo m\u00faltiplas aplica\u00e7\u00f5es, grau NLGI 2, contendo inibidores de oxida\u00e7\u00e3o e corros\u00e3o.<\/p>\n<p>\u00c9 recomendada para lubrifica\u00e7\u00e3o de equipamentos automotivos quando especificada uma graxa do tipo m\u00faltiplas aplica\u00e7\u00f5es, com boa resist\u00eancia a lavagem por \u00e1gua e estabilidade ao cisalhamento.<\/p>\n<p>Pode ser utilizada em rolamentos, cubos de rodas, juntas universais e de deslizamento, mancais planos inclusive de equipamentos industriais desde que n\u00e3o seja requerida pelo fabricante uma graxa do tipo<br \/>\nextrema press\u00e3o.<\/p>\n<p>Qualidade TEXACO.<\/p>\n","protected":false},"excerpt":{"rendered":"<p>Texaco Marfak MP2 \u00e9 uma graxa de l\u00edtio do tipo m\u00faltiplas aplica\u00e7\u00f5es, grau NLGI 2, contendo inibidores de oxida\u00e7\u00e3o e corros\u00e3o.<\/p>\n","protected":false},"featured_media":1011,"comment_status":"open","ping_status":"closed","template":"","meta":{"_joinchat":[]},"product_cat":[20],"product_tag":[],"_links":{"self":[{"href":"https:\/\/lubrificmultimarcas.com.br\/index.php?rest_route=\/wp\/v2\/product\/1010"}],"collection":[{"href":"https:\/\/lubrificmultimarcas.com.br\/index.php?rest_route=\/wp\/v2\/product"}],"about":[{"href":"https:\/\/lubrificmultimarcas.com.br\/index.php?rest_route=\/wp\/v2\/types\/product"}],"replies":[{"embeddable":true,"href":"https:\/\/lubrificmultimarcas.com.br\/index.php?rest_route=%2Fwp%2Fv2%2Fcomments&post=1010"}],"wp:featuredmedia":[{"embeddable":true,"href":"https:\/\/lubrificmultimarcas.com.br\/index.php?rest_route=\/wp\/v2\/media\/1011"}],"wp:attachment":[{"href":"https:\/\/lubrificmultimarcas.com.br\/index.php?rest_route=%2Fwp%2Fv2%2Fmedia&parent=1010"}],"wp:term":[{"taxonomy":"product_cat","embeddable":true,"href":"https:\/\/lubrificmultimarcas.com.br\/index.php?rest_route=%2Fwp%2Fv2%2Fproduct_cat&post=1010"},{"taxonomy":"product_tag","embeddable":true,"href":"https:\/\/lubrificmultimarcas.com.br\/index.php?rest_route=%2Fwp%2Fv2%2Fproduct_tag&post=1010"}],"curies":[{"name":"wp","href":"https:\/\/api.w.org\/{rel}","templated":true}]}}