{"id":1007,"date":"2024-06-26T16:49:05","date_gmt":"2024-06-26T19:49:05","guid":{"rendered":"https:\/\/lubrificmultimarcas.com.br\/?post_type=product&#038;p=1007"},"modified":"2024-06-26T16:51:19","modified_gmt":"2024-06-26T19:51:19","slug":"lubrax-essencia-2t-tc","status":"publish","type":"product","link":"https:\/\/lubrificmultimarcas.com.br\/?product=lubrax-essencia-2t-tc","title":{"rendered":"LUBRAX ESSENCIAL 2T TC"},"content":{"rendered":"<p>\u00d3leo lubrificante mineral para uso em motores dois tempos a gasolina refrigerados a ar, que exijam<br \/>\nlubrificantes com n\u00edvel de desempenho API TC. Dispon\u00edvel no grau SAE 30.<\/p>\n<p>Lubrax Essencial 2T \u00e9 recomendado para uso em motores de equipamentos de m\u00e9dia pot\u00eancia, tais<br \/>\ncomo motosserras, ciclomotores, cortadores de grama e motocicletas.<\/p>\n<p>Sua formula\u00e7\u00e3o controla a forma\u00e7\u00e3o de dep\u00f3sitos e reduz o desgaste e a corros\u00e3o das partes lubrificadas<\/p>\n<p>Deve ser misturado ao combust\u00edvel nas propor\u00e7\u00f5es recomendadas pelos fabricantes dos equipamentos, nos manuais dos mesmo<\/p>\n<p>&nbsp;<\/p>\n","protected":false},"excerpt":{"rendered":"<p>\u00d3leo lubrificante mineral para uso em motores dois tempos a gasolina refrigerados a ar, que exijam<br \/>\nlubrificantes com n\u00edvel de desempenho API TC. Dispon\u00edvel no grau SAE 30.<\/p>\n","protected":false},"featured_media":1009,"comment_status":"open","ping_status":"closed","template":"","meta":{"_joinchat":[]},"product_cat":[20],"product_tag":[],"_links":{"self":[{"href":"https:\/\/lubrificmultimarcas.com.br\/index.php?rest_route=\/wp\/v2\/product\/1007"}],"collection":[{"href":"https:\/\/lubrificmultimarcas.com.br\/index.php?rest_route=\/wp\/v2\/product"}],"about":[{"href":"https:\/\/lubrificmultimarcas.com.br\/index.php?rest_route=\/wp\/v2\/types\/product"}],"replies":[{"embeddable":true,"href":"https:\/\/lubrificmultimarcas.com.br\/index.php?rest_route=%2Fwp%2Fv2%2Fcomments&post=1007"}],"wp:featuredmedia":[{"embeddable":true,"href":"https:\/\/lubrificmultimarcas.com.br\/index.php?rest_route=\/wp\/v2\/media\/1009"}],"wp:attachment":[{"href":"https:\/\/lubrificmultimarcas.com.br\/index.php?rest_route=%2Fwp%2Fv2%2Fmedia&parent=1007"}],"wp:term":[{"taxonomy":"product_cat","embeddable":true,"href":"https:\/\/lubrificmultimarcas.com.br\/index.php?rest_route=%2Fwp%2Fv2%2Fproduct_cat&post=1007"},{"taxonomy":"product_tag","embeddable":true,"href":"https:\/\/lubrificmultimarcas.com.br\/index.php?rest_route=%2Fwp%2Fv2%2Fproduct_tag&post=1007"}],"curies":[{"name":"wp","href":"https:\/\/api.w.org\/{rel}","templated":true}]}}