{"id":1005,"date":"2024-06-26T16:39:22","date_gmt":"2024-06-26T19:39:22","guid":{"rendered":"https:\/\/lubrificmultimarcas.com.br\/?post_type=product&#038;p=1005"},"modified":"2024-06-26T16:39:22","modified_gmt":"2024-06-26T19:39:22","slug":"incol-graxa-chassi-ch2","status":"publish","type":"product","link":"https:\/\/lubrificmultimarcas.com.br\/?product=incol-graxa-chassi-ch2","title":{"rendered":"INCOL GRAXA CHASSI CH2"},"content":{"rendered":"<p>Graxa recomendada para lubrifica\u00e7\u00e3o das articula\u00e7\u00f5es dos chassis de autom\u00f3veis, caminh\u00f5es, tratores, motocicletas, m\u00e1quinas agr\u00edcolas e outras, que exijam grau NLGI-2.<\/p>\n<p>INCOL CH2: Apresenta excelente resist\u00eancia \u00e0 \u00e1gua, ader\u00eancia ao metal e f\u00e1cil bombeabilidade, al\u00e9m de proporcionar prote\u00e7\u00e3o contra corros\u00e3o e oxida\u00e7\u00e3o.<\/p>\n<p>Aditivos: Inibidor de corros\u00e3o e oxida\u00e7\u00e3o.<\/p>\n<p>APRSENTA\u00c7\u00d5ES:<br \/>\n&#8211; 500g<br \/>\n&#8211; 1kg<br \/>\n&#8211; 10kg<br \/>\n&#8211; 18kg<br \/>\n&#8211; 170kg<\/p>\n","protected":false},"excerpt":{"rendered":"<p>Graxa recomendada para lubrifica\u00e7\u00e3o das articula\u00e7\u00f5es dos chassis de autom\u00f3veis, caminh\u00f5es, tratores, motocicletas.<br \/>\nAPRSENTA\u00c7\u00d5ES: 500G, 1KG, 10KG, 18KG e 170KG.<\/p>\n","protected":false},"featured_media":1006,"comment_status":"open","ping_status":"closed","template":"","meta":{"_joinchat":[]},"product_cat":[20],"product_tag":[],"_links":{"self":[{"href":"https:\/\/lubrificmultimarcas.com.br\/index.php?rest_route=\/wp\/v2\/product\/1005"}],"collection":[{"href":"https:\/\/lubrificmultimarcas.com.br\/index.php?rest_route=\/wp\/v2\/product"}],"about":[{"href":"https:\/\/lubrificmultimarcas.com.br\/index.php?rest_route=\/wp\/v2\/types\/product"}],"replies":[{"embeddable":true,"href":"https:\/\/lubrificmultimarcas.com.br\/index.php?rest_route=%2Fwp%2Fv2%2Fcomments&post=1005"}],"wp:featuredmedia":[{"embeddable":true,"href":"https:\/\/lubrificmultimarcas.com.br\/index.php?rest_route=\/wp\/v2\/media\/1006"}],"wp:attachment":[{"href":"https:\/\/lubrificmultimarcas.com.br\/index.php?rest_route=%2Fwp%2Fv2%2Fmedia&parent=1005"}],"wp:term":[{"taxonomy":"product_cat","embeddable":true,"href":"https:\/\/lubrificmultimarcas.com.br\/index.php?rest_route=%2Fwp%2Fv2%2Fproduct_cat&post=1005"},{"taxonomy":"product_tag","embeddable":true,"href":"https:\/\/lubrificmultimarcas.com.br\/index.php?rest_route=%2Fwp%2Fv2%2Fproduct_tag&post=1005"}],"curies":[{"name":"wp","href":"https:\/\/api.w.org\/{rel}","templated":true}]}}